{"id":17,"date":"2015-02-05T10:21:11","date_gmt":"2015-02-05T10:21:11","guid":{"rendered":"http:\/\/wpcharming.wpengine.com\/construction\/?page_id=17"},"modified":"2024-04-01T02:33:30","modified_gmt":"2024-04-01T02:33:30","slug":"nossos-servicos","status":"publish","type":"page","link":"https:\/\/aresobras.com.br\/index.php\/nossos-servicos\/","title":{"rendered":"Nossos Servi\u00e7os"},"content":{"rendered":"\t\t<div data-elementor-type=\"wp-page\" data-elementor-id=\"17\" class=\"elementor elementor-17\">\n\t\t\t\t\t\t<section class=\"elementor-section elementor-top-section elementor-element elementor-element-c27848f elementor-section-boxed elementor-section-height-default elementor-section-height-default\" data-id=\"c27848f\" data-element_type=\"section\">\n\t\t\t\t\t\t<div class=\"elementor-container elementor-column-gap-wide\">\n\t\t\t\t\t<div class=\"elementor-column elementor-col-100 elementor-top-column elementor-element elementor-element-4150c22\" data-id=\"4150c22\" data-element_type=\"column\">\n\t\t\t<div class=\"elementor-widget-wrap elementor-element-populated\">\n\t\t\t\t\t\t<div class=\"elementor-element elementor-element-d1027ca elementor-widget elementor-widget-wpc-page-children\" data-id=\"d1027ca\" data-element_type=\"widget\" data-widget_type=\"wpc-page-children.default\">\n\t\t\t\t<div class=\"elementor-widget-container\">\n\t\t\t\n\t\t\t<div class=\"child-page-wrapper\">\n\t\t<div class=\"grid-wrapper grid-3-columns grid-row \">\n\t\t\t<div class=\"grid-item grid-sm-6 grid-md-4\">\n\t\t\t\t<div class=\"grid-thumbnail\">\n\t\t\t\t\t<a href=\"https:\/\/aresobras.com.br\/index.php\/nossos-servicos\/contencoes-2-6-7\/\" title=\"Contrato de manuten\u00e7\u00e3o\"><img fetchpriority=\"high\" decoding=\"async\" width=\"600\" height=\"300\" src=\"https:\/\/aresobras.com.br\/wp-content\/uploads\/2024\/04\/Design-sem-nome-2024-03-31T232505.780.png\" class=\"attachment-medium-thumb size-medium-thumb wp-post-image\" alt=\"\" srcset=\"https:\/\/aresobras.com.br\/wp-content\/uploads\/2024\/04\/Design-sem-nome-2024-03-31T232505.780.png 600w, https:\/\/aresobras.com.br\/wp-content\/uploads\/2024\/04\/Design-sem-nome-2024-03-31T232505.780-300x150.png 300w, https:\/\/aresobras.com.br\/wp-content\/uploads\/2024\/04\/Design-sem-nome-2024-03-31T232505.780-400x200.png 400w\" sizes=\"(max-width: 600px) 100vw, 600px\" \/><\/a>\n\t\t\t\t<\/div>\n\t\t\t\t<h3 class=\"grid-title\"><a href=\"https:\/\/aresobras.com.br\/index.php\/nossos-servicos\/contencoes-2-6-7\/\" rel=\"bookmark\">Contrato de manuten\u00e7\u00e3o<\/a><\/h3>\n\n\t\t\t\t<p>Oferecemos contratos de manuten\u00e7\u00e3o para garantir o funcionamento ideal de equipamentos e sistemas.<\/p>\n\n\t\t\t\t<a class=\"grid-more\" href=\"https:\/\/aresobras.com.br\/index.php\/nossos-servicos\/contencoes-2-6-7\/\" title=\"Contrato de manuten\u00e7\u00e3o\">Ver mais detalhes<\/a>\n\n\t\t\t<\/div>\n\t\t\t\n\t\t\t<div class=\"grid-item grid-sm-6 grid-md-4\">\n\t\t\t\t<div class=\"grid-thumbnail\">\n\t\t\t\t\t<a href=\"https:\/\/aresobras.com.br\/index.php\/nossos-servicos\/contencoes-2-7\/\" title=\"Pinturas\"><img decoding=\"async\" width=\"600\" height=\"300\" src=\"https:\/\/aresobras.com.br\/wp-content\/uploads\/2024\/04\/Design-sem-nome-2024-03-31T232646.795.png\" class=\"attachment-medium-thumb size-medium-thumb wp-post-image\" alt=\"\" srcset=\"https:\/\/aresobras.com.br\/wp-content\/uploads\/2024\/04\/Design-sem-nome-2024-03-31T232646.795.png 600w, https:\/\/aresobras.com.br\/wp-content\/uploads\/2024\/04\/Design-sem-nome-2024-03-31T232646.795-300x150.png 300w, https:\/\/aresobras.com.br\/wp-content\/uploads\/2024\/04\/Design-sem-nome-2024-03-31T232646.795-400x200.png 400w\" sizes=\"(max-width: 600px) 100vw, 600px\" \/><\/a>\n\t\t\t\t<\/div>\n\t\t\t\t<h3 class=\"grid-title\"><a href=\"https:\/\/aresobras.com.br\/index.php\/nossos-servicos\/contencoes-2-7\/\" rel=\"bookmark\">Pinturas<\/a><\/h3>\n\n\t\t\t\t<p>Oferecemos servi\u00e7os profissionais de pintura para renovar e proteger superf\u00edcies em projetos residenciais e comerciais.<\/p>\n\n\t\t\t\t<a class=\"grid-more\" href=\"https:\/\/aresobras.com.br\/index.php\/nossos-servicos\/contencoes-2-7\/\" title=\"Pinturas\">Ver mais detalhes<\/a>\n\n\t\t\t<\/div>\n\t\t\t\n\t\t\t<div class=\"grid-item grid-sm-6 grid-md-4\">\n\t\t\t\t<div class=\"grid-thumbnail\">\n\t\t\t\t\t<a href=\"https:\/\/aresobras.com.br\/index.php\/nossos-servicos\/contencoes-2-6-6\/\" title=\"Esquadrias\"><img decoding=\"async\" width=\"600\" height=\"300\" src=\"https:\/\/aresobras.com.br\/wp-content\/uploads\/2024\/04\/Design-sem-nome-2024-03-31T232741.389.png\" class=\"attachment-medium-thumb size-medium-thumb wp-post-image\" alt=\"\" srcset=\"https:\/\/aresobras.com.br\/wp-content\/uploads\/2024\/04\/Design-sem-nome-2024-03-31T232741.389.png 600w, https:\/\/aresobras.com.br\/wp-content\/uploads\/2024\/04\/Design-sem-nome-2024-03-31T232741.389-300x150.png 300w, https:\/\/aresobras.com.br\/wp-content\/uploads\/2024\/04\/Design-sem-nome-2024-03-31T232741.389-400x200.png 400w\" sizes=\"(max-width: 600px) 100vw, 600px\" \/><\/a>\n\t\t\t\t<\/div>\n\t\t\t\t<h3 class=\"grid-title\"><a href=\"https:\/\/aresobras.com.br\/index.php\/nossos-servicos\/contencoes-2-6-6\/\" rel=\"bookmark\">Esquadrias<\/a><\/h3>\n\n\t\t\t\t<p>Oferecemos instala\u00e7\u00e3o e manuten\u00e7\u00e3o de esquadrias de alta qualidade para garantir seguran\u00e7a e est\u00e9tica em projetos residenciais e comerciais.<\/p>\n\n\t\t\t\t<a class=\"grid-more\" href=\"https:\/\/aresobras.com.br\/index.php\/nossos-servicos\/contencoes-2-6-6\/\" title=\"Esquadrias\">Ver mais detalhes<\/a>\n\n\t\t\t<\/div>\n\t\t\t\n\t\t\t\t<div class=\"clear\"><\/div>\n\t\t\t<div class=\"grid-item grid-sm-6 grid-md-4\">\n\t\t\t\t<div class=\"grid-thumbnail\">\n\t\t\t\t\t<a href=\"https:\/\/aresobras.com.br\/index.php\/nossos-servicos\/contencoes-2-6-5\/\" title=\"Instala\u00e7\u00f5es em Geral\"><img loading=\"lazy\" decoding=\"async\" width=\"600\" height=\"300\" src=\"https:\/\/aresobras.com.br\/wp-content\/uploads\/2024\/04\/Design-sem-nome-2024-03-31T232815.986.png\" class=\"attachment-medium-thumb size-medium-thumb wp-post-image\" alt=\"\" srcset=\"https:\/\/aresobras.com.br\/wp-content\/uploads\/2024\/04\/Design-sem-nome-2024-03-31T232815.986.png 600w, https:\/\/aresobras.com.br\/wp-content\/uploads\/2024\/04\/Design-sem-nome-2024-03-31T232815.986-300x150.png 300w, https:\/\/aresobras.com.br\/wp-content\/uploads\/2024\/04\/Design-sem-nome-2024-03-31T232815.986-400x200.png 400w\" sizes=\"(max-width: 600px) 100vw, 600px\" \/><\/a>\n\t\t\t\t<\/div>\n\t\t\t\t<h3 class=\"grid-title\"><a href=\"https:\/\/aresobras.com.br\/index.php\/nossos-servicos\/contencoes-2-6-5\/\" rel=\"bookmark\">Instala\u00e7\u00f5es em Geral<\/a><\/h3>\n\n\t\t\t\t<p>Oferecemos servi\u00e7os abrangentes de instala\u00e7\u00f5es para atender \u00e0s necessidades de diversos projetos de constru\u00e7\u00e3o e reforma.<\/p>\n\n\t\t\t\t<a class=\"grid-more\" href=\"https:\/\/aresobras.com.br\/index.php\/nossos-servicos\/contencoes-2-6-5\/\" title=\"Instala\u00e7\u00f5es em Geral\">Ver mais detalhes<\/a>\n\n\t\t\t<\/div>\n\t\t\t\n\t\t\t<div class=\"grid-item grid-sm-6 grid-md-4\">\n\t\t\t\t<div class=\"grid-thumbnail\">\n\t\t\t\t\t<a href=\"https:\/\/aresobras.com.br\/index.php\/nossos-servicos\/contencoes-2-6-4\/\" title=\"Impermeabiliza\u00e7\u00f5es\"><img loading=\"lazy\" decoding=\"async\" width=\"600\" height=\"300\" src=\"https:\/\/aresobras.com.br\/wp-content\/uploads\/2024\/04\/Design-sem-nome-2024-03-31T232846.035.png\" class=\"attachment-medium-thumb size-medium-thumb wp-post-image\" alt=\"\" srcset=\"https:\/\/aresobras.com.br\/wp-content\/uploads\/2024\/04\/Design-sem-nome-2024-03-31T232846.035.png 600w, https:\/\/aresobras.com.br\/wp-content\/uploads\/2024\/04\/Design-sem-nome-2024-03-31T232846.035-300x150.png 300w, https:\/\/aresobras.com.br\/wp-content\/uploads\/2024\/04\/Design-sem-nome-2024-03-31T232846.035-400x200.png 400w\" sizes=\"(max-width: 600px) 100vw, 600px\" \/><\/a>\n\t\t\t\t<\/div>\n\t\t\t\t<h3 class=\"grid-title\"><a href=\"https:\/\/aresobras.com.br\/index.php\/nossos-servicos\/contencoes-2-6-4\/\" rel=\"bookmark\">Impermeabiliza\u00e7\u00f5es<\/a><\/h3>\n\n\t\t\t\t<p>Oferecemos solu\u00e7\u00f5es de impermeabiliza\u00e7\u00e3o de alta qualidade para proteger estruturas contra infiltra\u00e7\u00f5es e danos causados pela \u00e1gua.<\/p>\n\n\t\t\t\t<a class=\"grid-more\" href=\"https:\/\/aresobras.com.br\/index.php\/nossos-servicos\/contencoes-2-6-4\/\" title=\"Impermeabiliza\u00e7\u00f5es\">Ver mais detalhes<\/a>\n\n\t\t\t<\/div>\n\t\t\t\n\t\t\t<div class=\"grid-item grid-sm-6 grid-md-4\">\n\t\t\t\t<div class=\"grid-thumbnail\">\n\t\t\t\t\t<a href=\"https:\/\/aresobras.com.br\/index.php\/nossos-servicos\/contencoes-2-6-3\/\" title=\"Revestimentos Diversos\"><img loading=\"lazy\" decoding=\"async\" width=\"600\" height=\"300\" src=\"https:\/\/aresobras.com.br\/wp-content\/uploads\/2024\/04\/Design-sem-nome-2024-03-31T232933.173.png\" class=\"attachment-medium-thumb size-medium-thumb wp-post-image\" alt=\"\" srcset=\"https:\/\/aresobras.com.br\/wp-content\/uploads\/2024\/04\/Design-sem-nome-2024-03-31T232933.173.png 600w, https:\/\/aresobras.com.br\/wp-content\/uploads\/2024\/04\/Design-sem-nome-2024-03-31T232933.173-300x150.png 300w, https:\/\/aresobras.com.br\/wp-content\/uploads\/2024\/04\/Design-sem-nome-2024-03-31T232933.173-400x200.png 400w\" sizes=\"(max-width: 600px) 100vw, 600px\" \/><\/a>\n\t\t\t\t<\/div>\n\t\t\t\t<h3 class=\"grid-title\"><a href=\"https:\/\/aresobras.com.br\/index.php\/nossos-servicos\/contencoes-2-6-3\/\" rel=\"bookmark\">Revestimentos Diversos<\/a><\/h3>\n\n\t\t\t\t<p>Oferecemos uma ampla gama de servi\u00e7os de revestimentos para atender \u00e0s necessidades espec\u00edficas de cada projeto.<\/p>\n\n\t\t\t\t<a class=\"grid-more\" href=\"https:\/\/aresobras.com.br\/index.php\/nossos-servicos\/contencoes-2-6-3\/\" title=\"Revestimentos Diversos\">Ver mais detalhes<\/a>\n\n\t\t\t<\/div>\n\t\t\t\n\t\t\t\t<div class=\"clear\"><\/div>\n\t\t\t<div class=\"grid-item grid-sm-6 grid-md-4\">\n\t\t\t\t<div class=\"grid-thumbnail\">\n\t\t\t\t\t<a href=\"https:\/\/aresobras.com.br\/index.php\/nossos-servicos\/contencoes-2-6-2\/\" title=\"Eleva\u00e7\u00f5es\"><img loading=\"lazy\" decoding=\"async\" width=\"600\" height=\"300\" src=\"https:\/\/aresobras.com.br\/wp-content\/uploads\/2024\/04\/WhatsApp-Image-2024-04-05-at-11.08.28-600x300.jpeg\" class=\"attachment-medium-thumb size-medium-thumb wp-post-image\" alt=\"\" srcset=\"https:\/\/aresobras.com.br\/wp-content\/uploads\/2024\/04\/WhatsApp-Image-2024-04-05-at-11.08.28-600x300.jpeg 600w, https:\/\/aresobras.com.br\/wp-content\/uploads\/2024\/04\/WhatsApp-Image-2024-04-05-at-11.08.28-400x200.jpeg 400w, https:\/\/aresobras.com.br\/wp-content\/uploads\/2024\/04\/WhatsApp-Image-2024-04-05-at-11.08.28-800x400.jpeg 800w\" sizes=\"(max-width: 600px) 100vw, 600px\" \/><\/a>\n\t\t\t\t<\/div>\n\t\t\t\t<h3 class=\"grid-title\"><a href=\"https:\/\/aresobras.com.br\/index.php\/nossos-servicos\/contencoes-2-6-2\/\" rel=\"bookmark\">Eleva\u00e7\u00f5es<\/a><\/h3>\n\n\t\t\t\t<p>Oferecemos servi\u00e7os especializados em eleva\u00e7\u00f5es, garantindo seguran\u00e7a e efici\u00eancia em edif\u00edcios e estruturas.<\/p>\n\n\t\t\t\t<a class=\"grid-more\" href=\"https:\/\/aresobras.com.br\/index.php\/nossos-servicos\/contencoes-2-6-2\/\" title=\"Eleva\u00e7\u00f5es\">Ver mais detalhes<\/a>\n\n\t\t\t<\/div>\n\t\t\t\n\t\t\t<div class=\"grid-item grid-sm-6 grid-md-4\">\n\t\t\t\t<div class=\"grid-thumbnail\">\n\t\t\t\t\t<a href=\"https:\/\/aresobras.com.br\/index.php\/nossos-servicos\/contencoes-2-6\/\" title=\"Pavimenta\u00e7\u00f5es\"><img loading=\"lazy\" decoding=\"async\" width=\"600\" height=\"300\" src=\"https:\/\/aresobras.com.br\/wp-content\/uploads\/2024\/04\/WhatsApp-Image-2024-02-28-at-17.33.38-600x300.jpeg\" class=\"attachment-medium-thumb size-medium-thumb wp-post-image\" alt=\"\" srcset=\"https:\/\/aresobras.com.br\/wp-content\/uploads\/2024\/04\/WhatsApp-Image-2024-02-28-at-17.33.38-600x300.jpeg 600w, https:\/\/aresobras.com.br\/wp-content\/uploads\/2024\/04\/WhatsApp-Image-2024-02-28-at-17.33.38-400x200.jpeg 400w, https:\/\/aresobras.com.br\/wp-content\/uploads\/2024\/04\/WhatsApp-Image-2024-02-28-at-17.33.38-800x400.jpeg 800w\" sizes=\"(max-width: 600px) 100vw, 600px\" \/><\/a>\n\t\t\t\t<\/div>\n\t\t\t\t<h3 class=\"grid-title\"><a href=\"https:\/\/aresobras.com.br\/index.php\/nossos-servicos\/contencoes-2-6\/\" rel=\"bookmark\">Pavimenta\u00e7\u00f5es<\/a><\/h3>\n\n\t\t\t\t<p>Oferecemos solu\u00e7\u00f5es completas em pavimenta\u00e7\u00f5es, garantindo superf\u00edcies dur\u00e1veis e seguras para tr\u00e1fego e circula\u00e7\u00e3o.<\/p>\n\n\t\t\t\t<a class=\"grid-more\" href=\"https:\/\/aresobras.com.br\/index.php\/nossos-servicos\/contencoes-2-6\/\" title=\"Pavimenta\u00e7\u00f5es\">Ver mais detalhes<\/a>\n\n\t\t\t<\/div>\n\t\t\t\n\t\t\t<div class=\"grid-item grid-sm-6 grid-md-4\">\n\t\t\t\t<div class=\"grid-thumbnail\">\n\t\t\t\t\t<a href=\"https:\/\/aresobras.com.br\/index.php\/nossos-servicos\/contencoes-2-5\/\" title=\"Estruturas em Madeira\"><img loading=\"lazy\" decoding=\"async\" width=\"600\" height=\"300\" src=\"https:\/\/aresobras.com.br\/wp-content\/uploads\/2024\/04\/WhatsApp-Image-2024-02-28-at-17.22.50-600x300.jpeg\" class=\"attachment-medium-thumb size-medium-thumb wp-post-image\" alt=\"\" srcset=\"https:\/\/aresobras.com.br\/wp-content\/uploads\/2024\/04\/WhatsApp-Image-2024-02-28-at-17.22.50-600x300.jpeg 600w, https:\/\/aresobras.com.br\/wp-content\/uploads\/2024\/04\/WhatsApp-Image-2024-02-28-at-17.22.50-400x200.jpeg 400w, https:\/\/aresobras.com.br\/wp-content\/uploads\/2024\/04\/WhatsApp-Image-2024-02-28-at-17.22.50-800x400.jpeg 800w\" sizes=\"(max-width: 600px) 100vw, 600px\" \/><\/a>\n\t\t\t\t<\/div>\n\t\t\t\t<h3 class=\"grid-title\"><a href=\"https:\/\/aresobras.com.br\/index.php\/nossos-servicos\/contencoes-2-5\/\" rel=\"bookmark\">Estruturas em Madeira<\/a><\/h3>\n\n\t\t\t\t<p>Oferecemos solu\u00e7\u00f5es especializadas em estruturas de madeira, combinando beleza natural e resist\u00eancia.<\/p>\n\n\t\t\t\t<a class=\"grid-more\" href=\"https:\/\/aresobras.com.br\/index.php\/nossos-servicos\/contencoes-2-5\/\" title=\"Estruturas em Madeira\">Ver mais detalhes<\/a>\n\n\t\t\t<\/div>\n\t\t\t\n\t\t\t\t<div class=\"clear\"><\/div>\n\t\t\t<div class=\"grid-item grid-sm-6 grid-md-4\">\n\t\t\t\t<div class=\"grid-thumbnail\">\n\t\t\t\t\t<a href=\"https:\/\/aresobras.com.br\/index.php\/nossos-servicos\/contencoes-2-4\/\" title=\"Estruturas Met\u00e1licas\"><img loading=\"lazy\" decoding=\"async\" width=\"600\" height=\"300\" src=\"https:\/\/aresobras.com.br\/wp-content\/uploads\/2024\/04\/Design-sem-nome-2024-03-31T235335.847.png\" class=\"attachment-medium-thumb size-medium-thumb wp-post-image\" alt=\"\" srcset=\"https:\/\/aresobras.com.br\/wp-content\/uploads\/2024\/04\/Design-sem-nome-2024-03-31T235335.847.png 600w, https:\/\/aresobras.com.br\/wp-content\/uploads\/2024\/04\/Design-sem-nome-2024-03-31T235335.847-300x150.png 300w, https:\/\/aresobras.com.br\/wp-content\/uploads\/2024\/04\/Design-sem-nome-2024-03-31T235335.847-400x200.png 400w\" sizes=\"(max-width: 600px) 100vw, 600px\" \/><\/a>\n\t\t\t\t<\/div>\n\t\t\t\t<h3 class=\"grid-title\"><a href=\"https:\/\/aresobras.com.br\/index.php\/nossos-servicos\/contencoes-2-4\/\" rel=\"bookmark\">Estruturas Met\u00e1licas<\/a><\/h3>\n\n\t\t\t\t<p>Oferecemos solu\u00e7\u00f5es especializadas em estruturas met\u00e1licas, garantindo constru\u00e7\u00f5es resistentes e vers\u00e1teis.<\/p>\n\n\t\t\t\t<a class=\"grid-more\" href=\"https:\/\/aresobras.com.br\/index.php\/nossos-servicos\/contencoes-2-4\/\" title=\"Estruturas Met\u00e1licas\">Ver mais detalhes<\/a>\n\n\t\t\t<\/div>\n\t\t\t\n\t\t\t<div class=\"grid-item grid-sm-6 grid-md-4\">\n\t\t\t\t<div class=\"grid-thumbnail\">\n\t\t\t\t\t<a href=\"https:\/\/aresobras.com.br\/index.php\/nossos-servicos\/contencoes-2-3\/\" title=\"Estruturas em Concreto Armado\"><img loading=\"lazy\" decoding=\"async\" width=\"600\" height=\"300\" src=\"https:\/\/aresobras.com.br\/wp-content\/uploads\/2024\/03\/WhatsApp-Image-2024-02-27-at-5.20.53-PM-600x300.jpeg\" class=\"attachment-medium-thumb size-medium-thumb wp-post-image\" alt=\"\" srcset=\"https:\/\/aresobras.com.br\/wp-content\/uploads\/2024\/03\/WhatsApp-Image-2024-02-27-at-5.20.53-PM-600x300.jpeg 600w, https:\/\/aresobras.com.br\/wp-content\/uploads\/2024\/03\/WhatsApp-Image-2024-02-27-at-5.20.53-PM-400x200.jpeg 400w, https:\/\/aresobras.com.br\/wp-content\/uploads\/2024\/03\/WhatsApp-Image-2024-02-27-at-5.20.53-PM-800x400.jpeg 800w\" sizes=\"(max-width: 600px) 100vw, 600px\" \/><\/a>\n\t\t\t\t<\/div>\n\t\t\t\t<h3 class=\"grid-title\"><a href=\"https:\/\/aresobras.com.br\/index.php\/nossos-servicos\/contencoes-2-3\/\" rel=\"bookmark\">Estruturas em Concreto Armado<\/a><\/h3>\n\n\t\t\t\t<p>Oferecemos expertise em constru\u00e7\u00e3o de estruturas em concreto armado, garantindo solu\u00e7\u00f5es dur\u00e1veis e seguras.<\/p>\n\n\t\t\t\t<a class=\"grid-more\" href=\"https:\/\/aresobras.com.br\/index.php\/nossos-servicos\/contencoes-2-3\/\" title=\"Estruturas em Concreto Armado\">Ver mais detalhes<\/a>\n\n\t\t\t<\/div>\n\t\t\t\n\t\t\t<div class=\"grid-item grid-sm-6 grid-md-4\">\n\t\t\t\t<div class=\"grid-thumbnail\">\n\t\t\t\t\t<a href=\"https:\/\/aresobras.com.br\/index.php\/nossos-servicos\/fundacao\/\" title=\"Funda\u00e7\u00e3o\"><img loading=\"lazy\" decoding=\"async\" width=\"600\" height=\"300\" src=\"https:\/\/aresobras.com.br\/wp-content\/uploads\/2024\/04\/Design-sem-nome-2024-03-31T235958.064.png\" class=\"attachment-medium-thumb size-medium-thumb wp-post-image\" alt=\"\" srcset=\"https:\/\/aresobras.com.br\/wp-content\/uploads\/2024\/04\/Design-sem-nome-2024-03-31T235958.064.png 600w, https:\/\/aresobras.com.br\/wp-content\/uploads\/2024\/04\/Design-sem-nome-2024-03-31T235958.064-300x150.png 300w, https:\/\/aresobras.com.br\/wp-content\/uploads\/2024\/04\/Design-sem-nome-2024-03-31T235958.064-400x200.png 400w\" sizes=\"(max-width: 600px) 100vw, 600px\" \/><\/a>\n\t\t\t\t<\/div>\n\t\t\t\t<h3 class=\"grid-title\"><a href=\"https:\/\/aresobras.com.br\/index.php\/nossos-servicos\/fundacao\/\" rel=\"bookmark\">Funda\u00e7\u00e3o<\/a><\/h3>\n\n\t\t\t\t<p>Oferecemos solu\u00e7\u00f5es especializadas em funda\u00e7\u00f5es para garantir a base s\u00f3lida de qualquer projeto de constru\u00e7\u00e3o.<\/p>\n\n\t\t\t\t<a class=\"grid-more\" href=\"https:\/\/aresobras.com.br\/index.php\/nossos-servicos\/fundacao\/\" title=\"Funda\u00e7\u00e3o\">Ver mais detalhes<\/a>\n\n\t\t\t<\/div>\n\t\t\t\n\t\t\t\t<div class=\"clear\"><\/div>\n\t\t\t<div class=\"grid-item grid-sm-6 grid-md-4\">\n\t\t\t\t<div class=\"grid-thumbnail\">\n\t\t\t\t\t<a href=\"https:\/\/aresobras.com.br\/index.php\/nossos-servicos\/contencoes-2-2\/\" title=\"Demoli\u00e7\u00f5es\"><img loading=\"lazy\" decoding=\"async\" width=\"600\" height=\"300\" src=\"https:\/\/aresobras.com.br\/wp-content\/uploads\/2024\/04\/Design-sem-nome-2024-03-31T235602.780.png\" class=\"attachment-medium-thumb size-medium-thumb wp-post-image\" alt=\"\" srcset=\"https:\/\/aresobras.com.br\/wp-content\/uploads\/2024\/04\/Design-sem-nome-2024-03-31T235602.780.png 600w, https:\/\/aresobras.com.br\/wp-content\/uploads\/2024\/04\/Design-sem-nome-2024-03-31T235602.780-300x150.png 300w, https:\/\/aresobras.com.br\/wp-content\/uploads\/2024\/04\/Design-sem-nome-2024-03-31T235602.780-400x200.png 400w\" sizes=\"(max-width: 600px) 100vw, 600px\" \/><\/a>\n\t\t\t\t<\/div>\n\t\t\t\t<h3 class=\"grid-title\"><a href=\"https:\/\/aresobras.com.br\/index.php\/nossos-servicos\/contencoes-2-2\/\" rel=\"bookmark\">Demoli\u00e7\u00f5es<\/a><\/h3>\n\n\t\t\t\t<p>Oferecemos servi\u00e7os de demoli\u00e7\u00e3o seguros e eficientes para preparar o terreno para novas constru\u00e7\u00f5es.<\/p>\n\n\t\t\t\t<a class=\"grid-more\" href=\"https:\/\/aresobras.com.br\/index.php\/nossos-servicos\/contencoes-2-2\/\" title=\"Demoli\u00e7\u00f5es\">Ver mais detalhes<\/a>\n\n\t\t\t<\/div>\n\t\t\t\n\t\t\t<div class=\"grid-item grid-sm-6 grid-md-4\">\n\t\t\t\t<div class=\"grid-thumbnail\">\n\t\t\t\t\t<a href=\"https:\/\/aresobras.com.br\/index.php\/nossos-servicos\/contencoes-2\/\" title=\"Movimenta\u00e7\u00f5es em Terra\"><img loading=\"lazy\" decoding=\"async\" width=\"600\" height=\"300\" src=\"https:\/\/aresobras.com.br\/wp-content\/uploads\/2024\/04\/Design-sem-nome-2024-03-31T235749.305.png\" class=\"attachment-medium-thumb size-medium-thumb wp-post-image\" alt=\"\" srcset=\"https:\/\/aresobras.com.br\/wp-content\/uploads\/2024\/04\/Design-sem-nome-2024-03-31T235749.305.png 600w, https:\/\/aresobras.com.br\/wp-content\/uploads\/2024\/04\/Design-sem-nome-2024-03-31T235749.305-300x150.png 300w, https:\/\/aresobras.com.br\/wp-content\/uploads\/2024\/04\/Design-sem-nome-2024-03-31T235749.305-400x200.png 400w\" sizes=\"(max-width: 600px) 100vw, 600px\" \/><\/a>\n\t\t\t\t<\/div>\n\t\t\t\t<h3 class=\"grid-title\"><a href=\"https:\/\/aresobras.com.br\/index.php\/nossos-servicos\/contencoes-2\/\" rel=\"bookmark\">Movimenta\u00e7\u00f5es em Terra<\/a><\/h3>\n\n\t\t\t\t<p>Oferecemos expertise em movimenta\u00e7\u00f5es de terra para preparar o terreno de forma eficiente e segura em projetos de constru\u00e7\u00e3o civil.<\/p>\n\n\t\t\t\t<a class=\"grid-more\" href=\"https:\/\/aresobras.com.br\/index.php\/nossos-servicos\/contencoes-2\/\" title=\"Movimenta\u00e7\u00f5es em Terra\">Ver mais detalhes<\/a>\n\n\t\t\t<\/div>\n\t\t\t\n\t\t\t<div class=\"grid-item grid-sm-6 grid-md-4\">\n\t\t\t\t<div class=\"grid-thumbnail\">\n\t\t\t\t\t<a href=\"https:\/\/aresobras.com.br\/index.php\/nossos-servicos\/contencoes\/\" title=\"Conten\u00e7\u00f5es\"><img loading=\"lazy\" decoding=\"async\" width=\"600\" height=\"300\" src=\"https:\/\/aresobras.com.br\/wp-content\/uploads\/2024\/04\/Contencao-Prancha-Pre-Moldada-600x300.jpg\" class=\"attachment-medium-thumb size-medium-thumb wp-post-image\" alt=\"\" srcset=\"https:\/\/aresobras.com.br\/wp-content\/uploads\/2024\/04\/Contencao-Prancha-Pre-Moldada-600x300.jpg 600w, https:\/\/aresobras.com.br\/wp-content\/uploads\/2024\/04\/Contencao-Prancha-Pre-Moldada-400x200.jpg 400w, https:\/\/aresobras.com.br\/wp-content\/uploads\/2024\/04\/Contencao-Prancha-Pre-Moldada-800x400.jpg 800w\" sizes=\"(max-width: 600px) 100vw, 600px\" \/><\/a>\n\t\t\t\t<\/div>\n\t\t\t\t<h3 class=\"grid-title\"><a href=\"https:\/\/aresobras.com.br\/index.php\/nossos-servicos\/contencoes\/\" rel=\"bookmark\">Conten\u00e7\u00f5es<\/a><\/h3>\n\n\t\t\t\t<p>Oferecemos solu\u00e7\u00f5es especializadas em conten\u00e7\u00f5es para garantir estabilidade e seguran\u00e7a em obras de engenharia civil.<\/p>\n\n\t\t\t\t<a class=\"grid-more\" href=\"https:\/\/aresobras.com.br\/index.php\/nossos-servicos\/contencoes\/\" title=\"Conten\u00e7\u00f5es\">Ver mais detalhes<\/a>\n\n\t\t\t<\/div>\n\t\t\t\n\t\t\t\t<div class=\"clear\"><\/div>\n\t\t<\/div>\n\t\t\t<\/div>\t\t<\/div>\n\t\t\t\t<\/div>\n\t\t\t\t\t<\/div>\n\t\t<\/div>\n\t\t\t\t\t<\/div>\n\t\t<\/section>\n\t\t\t\t<\/div>\n\t\t","protected":false},"excerpt":{"rendered":"<p>Contrato de manuten\u00e7\u00e3o Oferecemos contratos de manuten\u00e7\u00e3o para garantir o funcionamento ideal de equipamentos e sistemas. Ver mais detalhes Pinturas Oferecemos &#8230;<\/p>\n","protected":false},"author":1,"featured_media":0,"parent":0,"menu_order":0,"comment_status":"closed","ping_status":"closed","template":"","meta":{"footnotes":""},"class_list":["post-17","page","type-page","status-publish","hentry"],"_links":{"self":[{"href":"https:\/\/aresobras.com.br\/index.php\/wp-json\/wp\/v2\/pages\/17","targetHints":{"allow":["GET"]}}],"collection":[{"href":"https:\/\/aresobras.com.br\/index.php\/wp-json\/wp\/v2\/pages"}],"about":[{"href":"https:\/\/aresobras.com.br\/index.php\/wp-json\/wp\/v2\/types\/page"}],"author":[{"embeddable":true,"href":"https:\/\/aresobras.com.br\/index.php\/wp-json\/wp\/v2\/users\/1"}],"replies":[{"embeddable":true,"href":"https:\/\/aresobras.com.br\/index.php\/wp-json\/wp\/v2\/comments?post=17"}],"version-history":[{"count":4,"href":"https:\/\/aresobras.com.br\/index.php\/wp-json\/wp\/v2\/pages\/17\/revisions"}],"predecessor-version":[{"id":1784,"href":"https:\/\/aresobras.com.br\/index.php\/wp-json\/wp\/v2\/pages\/17\/revisions\/1784"}],"wp:attachment":[{"href":"https:\/\/aresobras.com.br\/index.php\/wp-json\/wp\/v2\/media?parent=17"}],"curies":[{"name":"wp","href":"https:\/\/api.w.org\/{rel}","templated":true}]}}